{"id":2438,"date":"2020-10-24T00:34:17","date_gmt":"2020-10-24T00:34:17","guid":{"rendered":"http:\/\/delphis-house-of-scones.com\/?page_id=2438"},"modified":"2020-11-13T05:20:21","modified_gmt":"2020-11-13T05:20:21","slug":"conocenos","status":"publish","type":"page","link":"https:\/\/delphis-house-of-scones.com\/index.php\/conocenos\/","title":{"rendered":"Con\u00f3cenos"},"content":{"rendered":"\t\t<div data-elementor-type=\"wp-page\" data-elementor-id=\"2438\" class=\"elementor elementor-2438\" data-elementor-settings=\"[]\">\n\t\t\t\t\t\t<div class=\"elementor-inner\">\n\t\t\t\t\t\t\t<div class=\"elementor-section-wrap\">\n\t\t\t\t\t\t\t<section class=\"elementor-section elementor-top-section elementor-element elementor-element-34c054b8 elementor-section-boxed elementor-section-height-default elementor-section-height-default\" data-id=\"34c054b8\" data-element_type=\"section\" id=\"premium-banner\">\n\t\t\t\t\t\t<div class=\"elementor-container elementor-column-gap-default\">\n\t\t\t\t\t\t\t<div class=\"elementor-row\">\n\t\t\t\t\t<div class=\"elementor-column elementor-col-33 elementor-top-column elementor-element elementor-element-4df15caa\" data-id=\"4df15caa\" data-element_type=\"column\">\n\t\t\t<div class=\"elementor-column-wrap\">\n\t\t\t\t\t\t\t<div class=\"elementor-widget-wrap\">\n\t\t\t\t\t\t\t\t<\/div>\n\t\t\t\t\t<\/div>\n\t\t<\/div>\n\t\t\t\t<div class=\"elementor-column elementor-col-33 elementor-top-column elementor-element elementor-element-397aa50\" data-id=\"397aa50\" data-element_type=\"column\">\n\t\t\t<div class=\"elementor-column-wrap elementor-element-populated\">\n\t\t\t\t\t\t\t<div class=\"elementor-widget-wrap\">\n\t\t\t\t\t\t<div class=\"elementor-element elementor-element-3452b58 elementor-widget elementor-widget-heading\" data-id=\"3452b58\" data-element_type=\"widget\" data-widget_type=\"heading.default\">\n\t\t\t\t<div class=\"elementor-widget-container\">\n\t\t\t<h5 class=\"elementor-heading-title elementor-size-default\">Con\u00f3cenos<\/h5>\t\t<\/div>\n\t\t\t\t<\/div>\n\t\t\t\t<div class=\"elementor-element elementor-element-465afa9 elementor-widget elementor-widget-text-editor\" data-id=\"465afa9\" data-element_type=\"widget\" data-widget_type=\"text-editor.default\">\n\t\t\t\t<div class=\"elementor-widget-container\">\n\t\t\t\t\t\t\t\t<div class=\"elementor-text-editor elementor-clearfix\">\n\t\t\t\t<p>Somos la primer panader\u00eda especializada en l\u00ednea en M\u00e9xico y entregamos hasta tu puerta en todo el pa\u00eds.<\/p><p>Nuestra especialidad son los Scones, panecillos r\u00fasticos medievales Escoceses hechos con nuestra receta que tiene m\u00e1s de 300 a\u00f1os, esforz\u00e1ndonos por conservarla intacta al mismo tiempo que la mantenemos vigente, combin\u00e1ndola con tus sabores favoritos.<\/p><p>Nuestro coraz\u00f3n huele a pan y nuestras manos crean cada Scone artesanalmente, tal como se hac\u00eda en la \u00e9poca medieval para llevarte un pedacito de las tierras altas de Escocia hasta tu casa.<\/p>\t\t\t\t\t<\/div>\n\t\t\t\t\t\t<\/div>\n\t\t\t\t<\/div>\n\t\t\t\t\t\t<\/div>\n\t\t\t\t\t<\/div>\n\t\t<\/div>\n\t\t\t\t<div class=\"elementor-column elementor-col-33 elementor-top-column elementor-element elementor-element-221d546\" data-id=\"221d546\" data-element_type=\"column\">\n\t\t\t<div class=\"elementor-column-wrap\">\n\t\t\t\t\t\t\t<div class=\"elementor-widget-wrap\">\n\t\t\t\t\t\t\t\t<\/div>\n\t\t\t\t\t<\/div>\n\t\t<\/div>\n\t\t\t\t\t\t\t\t<\/div>\n\t\t\t\t\t<\/div>\n\t\t<\/section>\n\t\t\t\t<section class=\"elementor-section elementor-top-section elementor-element elementor-element-f82da0b elementor-section-boxed elementor-section-height-default elementor-section-height-default\" data-id=\"f82da0b\" data-element_type=\"section\">\n\t\t\t\t\t\t<div class=\"elementor-container elementor-column-gap-default\">\n\t\t\t\t\t\t\t<div class=\"elementor-row\">\n\t\t\t\t\t<div class=\"elementor-column elementor-col-100 elementor-top-column elementor-element elementor-element-556dbac\" data-id=\"556dbac\" data-element_type=\"column\">\n\t\t\t<div class=\"elementor-column-wrap elementor-element-populated\">\n\t\t\t\t\t\t\t<div class=\"elementor-widget-wrap\">\n\t\t\t\t\t\t<div class=\"elementor-element elementor-element-fb319fd elementor-aspect-ratio-169 elementor-widget elementor-widget-video\" data-id=\"fb319fd\" data-element_type=\"widget\" data-settings=\"{&quot;youtube_url&quot;:&quot;https:\\\/\\\/www.youtube.com\\\/watch?v=WRMqetRibHQ&quot;,&quot;autoplay&quot;:&quot;yes&quot;,&quot;loop&quot;:&quot;yes&quot;,&quot;video_type&quot;:&quot;youtube&quot;,&quot;controls&quot;:&quot;yes&quot;,&quot;aspect_ratio&quot;:&quot;169&quot;}\" data-widget_type=\"video.default\">\n\t\t\t\t<div class=\"elementor-widget-container\">\n\t\t\t\t\t<div class=\"elementor-wrapper elementor-fit-aspect-ratio elementor-open-inline\">\n\t\t\t<div class=\"elementor-video\"><\/div>\t\t<\/div>\n\t\t\t\t<\/div>\n\t\t\t\t<\/div>\n\t\t\t\t\t\t<\/div>\n\t\t\t\t\t<\/div>\n\t\t<\/div>\n\t\t\t\t\t\t\t\t<\/div>\n\t\t\t\t\t<\/div>\n\t\t<\/section>\n\t\t\t\t\t\t<\/div>\n\t\t\t\t\t\t<\/div>\n\t\t\t\t\t<\/div>\n\t\t","protected":false},"excerpt":{"rendered":"<p>Con\u00f3cenos Somos la primer panader\u00eda especializada en l\u00ednea en M\u00e9xico y entregamos hasta tu puerta en todo el pa\u00eds. Nuestra especialidad son los Scones, panecillos r\u00fasticos medievales Escoceses hechos con nuestra receta que tiene m\u00e1s de 300 a\u00f1os, esforz\u00e1ndonos por conservarla intacta al mismo tiempo que la mantenemos vigente, combin\u00e1ndola con tus sabores favoritos. Nuestro&hellip;&nbsp;<a href=\"https:\/\/delphis-house-of-scones.com\/index.php\/conocenos\/\" class=\"\" rel=\"bookmark\">Leer m\u00e1s &raquo;<span class=\"screen-reader-text\">Con\u00f3cenos<\/span><\/a><\/p>\n","protected":false},"author":1,"featured_media":0,"parent":0,"menu_order":0,"comment_status":"closed","ping_status":"closed","template":"page-templates\/template-pagebuilder-full-width.php","meta":{"neve_meta_sidebar":"full-width","neve_meta_container":"","neve_meta_enable_content_width":"on","neve_meta_content_width":100,"neve_meta_title_alignment":"","neve_meta_author_avatar":"","neve_post_elements_order":"","neve_meta_disable_header":"","neve_meta_disable_footer":"","neve_meta_disable_title":""},"_links":{"self":[{"href":"https:\/\/delphis-house-of-scones.com\/index.php\/wp-json\/wp\/v2\/pages\/2438"}],"collection":[{"href":"https:\/\/delphis-house-of-scones.com\/index.php\/wp-json\/wp\/v2\/pages"}],"about":[{"href":"https:\/\/delphis-house-of-scones.com\/index.php\/wp-json\/wp\/v2\/types\/page"}],"author":[{"embeddable":true,"href":"https:\/\/delphis-house-of-scones.com\/index.php\/wp-json\/wp\/v2\/users\/1"}],"replies":[{"embeddable":true,"href":"https:\/\/delphis-house-of-scones.com\/index.php\/wp-json\/wp\/v2\/comments?post=2438"}],"version-history":[{"count":12,"href":"https:\/\/delphis-house-of-scones.com\/index.php\/wp-json\/wp\/v2\/pages\/2438\/revisions"}],"predecessor-version":[{"id":2520,"href":"https:\/\/delphis-house-of-scones.com\/index.php\/wp-json\/wp\/v2\/pages\/2438\/revisions\/2520"}],"wp:attachment":[{"href":"https:\/\/delphis-house-of-scones.com\/index.php\/wp-json\/wp\/v2\/media?parent=2438"}],"curies":[{"name":"wp","href":"https:\/\/api.w.org\/{rel}","templated":true}]}}