{"id":2717,"date":"2020-12-11T07:50:37","date_gmt":"2020-12-11T07:50:37","guid":{"rendered":"https:\/\/delphis-house-of-scones.com\/?post_type=product&#038;p=2717"},"modified":"2022-02-03T02:29:38","modified_gmt":"2022-02-03T02:29:38","slug":"pack-merry-christmas-12-scones","status":"publish","type":"product","link":"https:\/\/delphis-house-of-scones.com\/index.php\/product\/pack-merry-christmas-12-scones\/","title":{"rendered":"Pack Merry Christmas &#8211; 12 Scones"},"content":{"rendered":"<table style=\"width: 80%; margin: auto;\">\n<tbody style=\"box-sizing: content-box;\">\n<tr>\n<th style=\"border-bottom: none;\"><iframe loading=\"lazy\" src=\"https:\/\/www.youtube.com\/embed\/RkZt_1vzaxg\" width=\"200\" height=\"220\" frameborder=\"0\" allowfullscreen=\"allowfullscreen\"><\/iframe><\/th>\n<\/tr>\n<\/tbody>\n<\/table>\n<p>Manda deliciosos abrazos con este regalo Navide\u00f1o.<br \/>\nEste paquete tiene 12 Scones dentro de nuestra caja Navide\u00f1a de regalos:<\/p>\n<ul>\n<li>1 Scone de Nutella<\/li>\n<li>1 Scone de Conejito Tur\u00edn<\/li>\n<li>1 Scone de Cocoa<\/li>\n<li>1 Scone de Natural<\/li>\n<li>1 Scone de Canela<\/li>\n<li>1 Scone de Nuez<\/li>\n<li>1 Scone de Almendra<\/li>\n<li>1 Scone de Chocolate Chips<\/li>\n<li>1 Scone de Manzana<\/li>\n<li>1 Scone de Gruy\u00e9re con Cebolla Caramelizada<\/li>\n<li>1 Scone de Gouda con Eneldo<\/li>\n<li>1 Scone de Tocino, Ajo y Parmesano<\/li>\n<\/ul>\n","protected":false},"excerpt":{"rendered":"<p>12 Scones dentro de nuestra caja Navide\u00f1a de regalos: Nutella, Conejito Tur\u00edn, Cocoa, Ar\u00e1ndano, Canela, Nuez, Almendra, Chocolate Chips, Manzana, Gruy\u00e9re con Cebolla Caramelizada, Gouda con Eneldo, Tocino Ajo y Parmesano.<\/p>\n","protected":false},"featured_media":2713,"template":"","meta":{"neve_meta_sidebar":"","neve_meta_container":"","neve_meta_enable_content_width":"off","neve_meta_content_width":0,"neve_meta_title_alignment":"","neve_meta_author_avatar":"","neve_post_elements_order":"","neve_meta_disable_header":"","neve_meta_disable_footer":"","neve_meta_disable_title":""},"product_cat":[18],"product_tag":[],"_links":{"self":[{"href":"https:\/\/delphis-house-of-scones.com\/index.php\/wp-json\/wp\/v2\/product\/2717"}],"collection":[{"href":"https:\/\/delphis-house-of-scones.com\/index.php\/wp-json\/wp\/v2\/product"}],"about":[{"href":"https:\/\/delphis-house-of-scones.com\/index.php\/wp-json\/wp\/v2\/types\/product"}],"wp:featuredmedia":[{"embeddable":true,"href":"https:\/\/delphis-house-of-scones.com\/index.php\/wp-json\/wp\/v2\/media\/2713"}],"wp:attachment":[{"href":"https:\/\/delphis-house-of-scones.com\/index.php\/wp-json\/wp\/v2\/media?parent=2717"}],"wp:term":[{"taxonomy":"product_cat","embeddable":true,"href":"https:\/\/delphis-house-of-scones.com\/index.php\/wp-json\/wp\/v2\/product_cat?post=2717"},{"taxonomy":"product_tag","embeddable":true,"href":"https:\/\/delphis-house-of-scones.com\/index.php\/wp-json\/wp\/v2\/product_tag?post=2717"}],"curies":[{"name":"wp","href":"https:\/\/api.w.org\/{rel}","templated":true}]}}