{"id":2810,"date":"2020-12-30T22:09:21","date_gmt":"2020-12-30T22:09:21","guid":{"rendered":"https:\/\/delphis-house-of-scones.com\/?post_type=product&#038;p=2810"},"modified":"2022-02-03T02:28:44","modified_gmt":"2022-02-03T02:28:44","slug":"rosca-de-scone-para-8-personas","status":"publish","type":"product","link":"https:\/\/delphis-house-of-scones.com\/index.php\/product\/rosca-de-scone-para-8-personas\/","title":{"rendered":"Rosca de Scone Mediana (2 d\u00edas de anticipaci\u00f3n)"},"content":{"rendered":"<p>Recibe el A\u00f1o Nuevo con una rosca de Scones, podemos hacerla de los sabores que tu quieras.<br \/>\nEsta Rosca mediana es ideal para 8 personas. P\u00eddela con dos d\u00edas de anticipaci\u00f3n.<\/p>\n","protected":false},"excerpt":{"rendered":"<p>Rosca mediana ideal para 8 personas. P\u00eddela con dos d\u00edas de anticipaci\u00f3n.<\/p>\n","protected":false},"featured_media":0,"template":"","meta":{"neve_meta_sidebar":"","neve_meta_container":"","neve_meta_enable_content_width":"off","neve_meta_content_width":0,"neve_meta_title_alignment":"","neve_meta_author_avatar":"","neve_post_elements_order":"","neve_meta_disable_header":"","neve_meta_disable_footer":"","neve_meta_disable_title":""},"product_cat":[18],"product_tag":[],"_links":{"self":[{"href":"https:\/\/delphis-house-of-scones.com\/index.php\/wp-json\/wp\/v2\/product\/2810"}],"collection":[{"href":"https:\/\/delphis-house-of-scones.com\/index.php\/wp-json\/wp\/v2\/product"}],"about":[{"href":"https:\/\/delphis-house-of-scones.com\/index.php\/wp-json\/wp\/v2\/types\/product"}],"wp:attachment":[{"href":"https:\/\/delphis-house-of-scones.com\/index.php\/wp-json\/wp\/v2\/media?parent=2810"}],"wp:term":[{"taxonomy":"product_cat","embeddable":true,"href":"https:\/\/delphis-house-of-scones.com\/index.php\/wp-json\/wp\/v2\/product_cat?post=2810"},{"taxonomy":"product_tag","embeddable":true,"href":"https:\/\/delphis-house-of-scones.com\/index.php\/wp-json\/wp\/v2\/product_tag?post=2810"}],"curies":[{"name":"wp","href":"https:\/\/api.w.org\/{rel}","templated":true}]}}