{"id":2865,"date":"2021-02-10T04:46:47","date_gmt":"2021-02-10T04:46:47","guid":{"rendered":"https:\/\/delphis-house-of-scones.com\/?post_type=product&#038;p=2865"},"modified":"2022-02-03T02:28:26","modified_gmt":"2022-02-03T02:28:26","slug":"edicion-especial-valentines-day","status":"publish","type":"product","link":"https:\/\/delphis-house-of-scones.com\/index.php\/product\/edicion-especial-valentines-day\/","title":{"rendered":"Edici\u00f3n Especial Valentine&#8217;s Day"},"content":{"rendered":"<table style=\"width: 80%; margin: auto;\">\n<tbody style=\"box-sizing: content-box;\">\n<tr>\n<th style=\"border-bottom: none;\"><iframe loading=\"lazy\" src=\"https:\/\/www.youtube.com\/embed\/PTiPKgILW7A\" width=\"200\" height=\"220\" frameborder=\"0\" allowfullscreen=\"allowfullscreen\"><span data-mce-type=\"bookmark\" style=\"display: inline-block; width: 0px; overflow: hidden; line-height: 0;\" class=\"mce_SELRES_start\">\ufeff<\/span><\/iframe><\/th>\n<\/tr>\n<\/tbody>\n<\/table>\n<p>El Scone de Fresa con Chocolate es nuestra edici\u00f3n especial para el D\u00eda de San Valent\u00edn, (exclusivamente en CDMX) p\u00eddelo s\u00f3lo durante esta semana.<br \/>\n<br \/>\nEnv\u00edale de 2 a 12 Scones de este y otros 25 sabores hasta su puerta, en nuestra cajas especiales para regalo.<\/p>\n","protected":false},"excerpt":{"rendered":"<p>El Scone de Fresa con Chocolate es nuestra edici\u00f3n especial para el D\u00eda de San Valent\u00edn, (exclusivamente en CDMX).<\/p>\n","protected":false},"featured_media":0,"template":"","meta":{"neve_meta_sidebar":"","neve_meta_container":"","neve_meta_enable_content_width":"off","neve_meta_content_width":0,"neve_meta_title_alignment":"","neve_meta_author_avatar":"","neve_post_elements_order":"","neve_meta_disable_header":"","neve_meta_disable_footer":"","neve_meta_disable_title":""},"product_cat":[18],"product_tag":[],"_links":{"self":[{"href":"https:\/\/delphis-house-of-scones.com\/index.php\/wp-json\/wp\/v2\/product\/2865"}],"collection":[{"href":"https:\/\/delphis-house-of-scones.com\/index.php\/wp-json\/wp\/v2\/product"}],"about":[{"href":"https:\/\/delphis-house-of-scones.com\/index.php\/wp-json\/wp\/v2\/types\/product"}],"wp:attachment":[{"href":"https:\/\/delphis-house-of-scones.com\/index.php\/wp-json\/wp\/v2\/media?parent=2865"}],"wp:term":[{"taxonomy":"product_cat","embeddable":true,"href":"https:\/\/delphis-house-of-scones.com\/index.php\/wp-json\/wp\/v2\/product_cat?post=2865"},{"taxonomy":"product_tag","embeddable":true,"href":"https:\/\/delphis-house-of-scones.com\/index.php\/wp-json\/wp\/v2\/product_tag?post=2865"}],"curies":[{"name":"wp","href":"https:\/\/api.w.org\/{rel}","templated":true}]}}