{"id":538,"date":"2020-10-02T05:55:39","date_gmt":"2020-10-02T05:55:39","guid":{"rendered":"http:\/\/delphis-house-of-scones.com\/?post_type=product&#038;p=538"},"modified":"2025-08-21T23:40:14","modified_gmt":"2025-08-21T23:40:14","slug":"conejito-turin","status":"publish","type":"product","link":"https:\/\/delphis-house-of-scones.com\/index.php\/product\/conejito-turin\/","title":{"rendered":"Conejito Turin"},"content":{"rendered":"<table style=\"width: 80%; margin: auto;\">\n<tbody style=\"box-sizing: content-box;\">\n<tr>\n<th style=\"border-bottom: none;\"><iframe loading=\"lazy\" src=\"https:\/\/www.youtube.com\/embed\/n4YBsUJU-ow\" width=\"200\" height=\"220\" frameborder=\"0\" allowfullscreen=\"allowfullscreen\"><\/iframe><\/th>\n<\/tr>\n<\/tbody>\n<\/table>\n<p>Decadente scone que est\u00e1 ba\u00f1ado del dulce chocolate derretido del exquisito Chocolate de Conejito Tur\u00edn.<br \/>\nPor que te encanta el chocolate y por que te lo ganaste.<br \/>\nD\u00e1telo con un caf\u00e9 y no le compartas a nadie.<\/p>\n<p>Cali\u00e9ntalo en Horno El\u00e9ctrico o en Horno Convencional de 3 a 5 min a 100C\u00ba . NO USES MICROONDAS ya que se desmoronan.<\/p>\n<p>Si lo quieres guardar, puedes meterlo en una bolsa de pl\u00e1stico bien cerrada en el refrigerador y consumirlo en los pr\u00f3ximos 6 d\u00edas.<\/p>\n","protected":false},"excerpt":{"rendered":"<p>Ba\u00f1ado del dulce chocolate derretido del exquisito Chocolate de Conejito Tur\u00edn.<\/p>\n","protected":false},"featured_media":4287,"template":"","meta":{"neve_meta_sidebar":"","neve_meta_container":"","neve_meta_enable_content_width":"off","neve_meta_content_width":70,"neve_meta_title_alignment":"","neve_meta_author_avatar":"","neve_post_elements_order":"","neve_meta_disable_header":"","neve_meta_disable_footer":"","neve_meta_disable_title":""},"product_cat":[41,19,20,25],"product_tag":[21],"_links":{"self":[{"href":"https:\/\/delphis-house-of-scones.com\/index.php\/wp-json\/wp\/v2\/product\/538"}],"collection":[{"href":"https:\/\/delphis-house-of-scones.com\/index.php\/wp-json\/wp\/v2\/product"}],"about":[{"href":"https:\/\/delphis-house-of-scones.com\/index.php\/wp-json\/wp\/v2\/types\/product"}],"wp:featuredmedia":[{"embeddable":true,"href":"https:\/\/delphis-house-of-scones.com\/index.php\/wp-json\/wp\/v2\/media\/4287"}],"wp:attachment":[{"href":"https:\/\/delphis-house-of-scones.com\/index.php\/wp-json\/wp\/v2\/media?parent=538"}],"wp:term":[{"taxonomy":"product_cat","embeddable":true,"href":"https:\/\/delphis-house-of-scones.com\/index.php\/wp-json\/wp\/v2\/product_cat?post=538"},{"taxonomy":"product_tag","embeddable":true,"href":"https:\/\/delphis-house-of-scones.com\/index.php\/wp-json\/wp\/v2\/product_tag?post=538"}],"curies":[{"name":"wp","href":"https:\/\/api.w.org\/{rel}","templated":true}]}}