{"id":549,"date":"2020-10-02T06:15:03","date_gmt":"2020-10-02T06:15:03","guid":{"rendered":"http:\/\/delphis-house-of-scones.com\/?post_type=product&#038;p=549"},"modified":"2025-08-21T23:35:41","modified_gmt":"2025-08-21T23:35:41","slug":"pera-rostizada-con-queso-azul-y-nuez","status":"publish","type":"product","link":"https:\/\/delphis-house-of-scones.com\/index.php\/product\/pera-rostizada-con-queso-azul-y-nuez\/","title":{"rendered":"Pera Rostizada con Queso Azul y Nuez"},"content":{"rendered":"<table style=\"width: 80%; margin: auto;\">\n<tbody style=\"box-sizing: content-box;\">\n<tr>\n<th style=\"border-bottom: none;\"><iframe loading=\"lazy\" src=\"https:\/\/www.youtube.com\/embed\/pc2v4j3eqJY\" width=\"200\" height=\"220\" frameborder=\"0\" allowfullscreen=\"allowfullscreen\"><\/iframe><\/th>\n<\/tr>\n<\/tbody>\n<\/table>\n<p>Este Scone logra balancear el sabor robusto del queso azul con los az\u00facares y el delicado sabor de la Pera rostizada, redondeados con trozos de nuez para hacer un antojo crocante de media tarde inolvidable.<br \/>\nTambi\u00e9n delicioso en el desayuno o la cena, incluso con una copa de vino tinto.<\/p>\n<p>Cali\u00e9ntalo en Horno El\u00e9ctrico o en Horno Convencional de 3 a 5 min a 100C\u00ba . NO USES MICROONDAS ya que se desmoronan.<\/p>\n<p>Si lo quieres guardar, puedes meterlo en una bolsa de pl\u00e1stico bien cerrada en el refrigerador y consumirlo en los pr\u00f3ximos 6 d\u00edas.<\/p>\n","protected":false},"excerpt":{"rendered":"<p>Queso Azul con los az\u00facares y el delicado sabor de la Pera Rostizada.<\/p>\n","protected":false},"featured_media":4311,"template":"","meta":{"neve_meta_sidebar":"","neve_meta_container":"","neve_meta_enable_content_width":"off","neve_meta_content_width":70,"neve_meta_title_alignment":"","neve_meta_author_avatar":"","neve_post_elements_order":"","neve_meta_disable_header":"","neve_meta_disable_footer":"","neve_meta_disable_title":""},"product_cat":[41,24,31,25],"product_tag":[26],"_links":{"self":[{"href":"https:\/\/delphis-house-of-scones.com\/index.php\/wp-json\/wp\/v2\/product\/549"}],"collection":[{"href":"https:\/\/delphis-house-of-scones.com\/index.php\/wp-json\/wp\/v2\/product"}],"about":[{"href":"https:\/\/delphis-house-of-scones.com\/index.php\/wp-json\/wp\/v2\/types\/product"}],"wp:featuredmedia":[{"embeddable":true,"href":"https:\/\/delphis-house-of-scones.com\/index.php\/wp-json\/wp\/v2\/media\/4311"}],"wp:attachment":[{"href":"https:\/\/delphis-house-of-scones.com\/index.php\/wp-json\/wp\/v2\/media?parent=549"}],"wp:term":[{"taxonomy":"product_cat","embeddable":true,"href":"https:\/\/delphis-house-of-scones.com\/index.php\/wp-json\/wp\/v2\/product_cat?post=549"},{"taxonomy":"product_tag","embeddable":true,"href":"https:\/\/delphis-house-of-scones.com\/index.php\/wp-json\/wp\/v2\/product_tag?post=549"}],"curies":[{"name":"wp","href":"https:\/\/api.w.org\/{rel}","templated":true}]}}